{"id":5883,"date":"2023-03-13T12:43:28","date_gmt":"2023-03-13T12:43:28","guid":{"rendered":"https:\/\/www.boxenicotera.com\/projekte\/"},"modified":"2024-01-08T15:14:51","modified_gmt":"2024-01-08T15:14:51","slug":"projekte","status":"publish","type":"page","link":"https:\/\/www.boxenicotera.it\/de\/projekte\/","title":{"rendered":"Projekte"},"content":{"rendered":"<div class=\"fusion-fullwidth fullwidth-box fusion-builder-row-1 fusion-flex-container has-pattern-background has-mask-background nonhundred-percent-fullwidth non-hundred-percent-height-scrolling\" style=\"--awb-border-radius-top-left:0px;--awb-border-radius-top-right:0px;--awb-border-radius-bottom-right:0px;--awb-border-radius-bottom-left:0px;--awb-flex-wrap:wrap;\" ><div class=\"fusion-builder-row fusion-row fusion-flex-align-items-flex-start fusion-flex-content-wrap\" style=\"max-width:1216.8px;margin-left: calc(-4% \/ 2 );margin-right: calc(-4% \/ 2 );\"><div class=\"fusion-layout-column fusion_builder_column fusion-builder-column-0 fusion_builder_column_1_1 1_1 fusion-flex-column\" style=\"--awb-bg-size:cover;--awb-width-large:100%;--awb-margin-top-large:0px;--awb-spacing-right-large:1.92%;--awb-margin-bottom-large:20px;--awb-spacing-left-large:1.92%;--awb-width-medium:100%;--awb-order-medium:0;--awb-spacing-right-medium:1.92%;--awb-spacing-left-medium:1.92%;--awb-width-small:100%;--awb-order-small:0;--awb-spacing-right-small:1.92%;--awb-spacing-left-small:1.92%;\"><div class=\"fusion-column-wrapper fusion-column-has-shadow fusion-flex-justify-content-flex-start fusion-content-layout-column\"><div class=\"fusion-title title fusion-title-1 fusion-title-text fusion-title-size-two\"><div class=\"title-sep-container title-sep-container-left fusion-no-large-visibility fusion-no-medium-visibility fusion-no-small-visibility\"><div class=\"title-sep sep- sep-solid\" style=\"border-color:var(--awb-color3);\"><\/div><\/div><span class=\"awb-title-spacer fusion-no-large-visibility fusion-no-medium-visibility fusion-no-small-visibility\"><\/span><h2 class=\"fusion-title-heading title-heading-left fusion-responsive-typography-calculated\" style=\"margin:0;text-transform:none;--fontSize:42;line-height:var(--awb-typography1-line-height);\">Schulprojekt<\/h2><span class=\"awb-title-spacer\"><\/span><div class=\"title-sep-container title-sep-container-right\"><div class=\"title-sep sep- sep-solid\" style=\"border-color:var(--awb-color3);\"><\/div><\/div><\/div><div class=\"fusion-separator\" style=\"align-self: flex-start;margin-right:auto;margin-top:0px;margin-bottom:25px;width:100%;max-width:300px;\"><div class=\"fusion-separator-border sep-single sep-solid\" style=\"--awb-height:20px;--awb-amount:20px;--awb-sep-color:var(--awb-color4);border-color:var(--awb-color4);border-top-width:2px;\"><\/div><\/div><div class=\"fusion-text fusion-text-1\"><p class=\"s3\"><strong><span class=\"s2\">Nicotera-Boxen: Eine Lebens- und Sportschule f\u00fcr die Bozner Unterstufe<\/span><\/strong><\/p>\n<p class=\"s5\"><span class=\"s4\">Meister Francesco Nicotera, ehemaliger Boxweltmeister, teilt seine Erfahrung und Leidenschaft f\u00fcr das Boxen mit den Sch\u00fclern der Leonardo-da-Vinci-Mittelschule in Bozen. Neben der Vermittlung von Boxtechniken legt Nicotera den Schwerpunkt auf die Grundwerte des Sports: Respekt, Belastbarkeit und die Entschlossenheit, nach einem Sturz wieder aufzustehen.<\/span><\/p>\n<p class=\"s5\"><span class=\"s4\">\u201eBoxen ist mehr als ein Sport, es ist eine Kunst, die Mut, Disziplin und Respekt lehrt\u201c, sagt Maestro Nicotera. \u201e Mein Ziel ist es, den Kindern nicht nur die F\u00e4higkeiten im Ring zu vermitteln, sondern auch die F\u00e4higkeit, sich den t\u00e4glichen Herausforderungen zu stellen.\u201c <\/span><span class=\"s4\" style=\"color: var(--awb-text-color); font-family: var(--awb-text-font-family); font-size: var(--awb-font-size); font-style: var(--awb-text-font-style); font-weight: var(--awb-text-font-weight); letter-spacing: var(--awb-letter-spacing); text-align: var(--awb-content-alignment); text-transform: var(--awb-text-transform); background-color: var(--awb-bg-color-hover);\">Die Jungen lernen nicht nur die Boxtechnik, sondern auch die Bedeutung des Respekts vor dem Gegner und entwickeln Mut zur Selbstverteidigung im Bedarfsfall. <\/span><span style=\"color: var(--awb-text-color); font-family: var(--awb-text-font-family); font-size: var(--awb-font-size); font-style: var(--awb-text-font-style); font-weight: var(--awb-text-font-weight); letter-spacing: var(--awb-letter-spacing); text-align: var(--awb-content-alignment); text-transform: var(--awb-text-transform); background-color: var(--awb-bg-color-hover);\">Nicotera Boxing h\u00f6rt nicht vor der Turnhalle der Viale Trieste auf und ist kein Neuling bei Projekten, die andere Realit\u00e4ten als diejenigen betreffen, die eng mit dem Ring verbunden sind, und an denen immer mehr junge Menschen au\u00dferhalb des traditionellen Umfelds beteiligt sind.<\/span><\/p>\n<p class=\"s5\"><span class=\"s4\">\u201eWir wollen die Kunst des Boxens einem breiteren Publikum zug\u00e4nglich machen\u201c, sagt Maestro Nicotera. \u201eDiese Disziplin ist nicht auf den Sport beschr\u00e4nkt und jeder kann sie aus\u00fcben, ohne Einschr\u00e4nkungen hinsichtlich Alter, Geschlecht oder F\u00e4higkeiten.\u201c <\/span><span style=\"color: var(--awb-text-color); font-family: var(--awb-text-font-family); font-size: var(--awb-font-size); font-style: var(--awb-text-font-style); font-weight: var(--awb-text-font-weight); letter-spacing: var(--awb-letter-spacing); text-align: var(--awb-content-alignment); text-transform: var(--awb-text-transform); background-color: var(--awb-bg-color-hover);\">Das aktuelle Projekt l\u00e4uft noch bis November 2023, es ist jedoch geplant, die Einbindung von Schulen und Klassenzimmern im n\u00e4chsten Jahr weiter auszubauen. Nicotera Boxing m\u00f6chte nicht nur ein Ort f\u00fcr k\u00f6rperliches Training sein, sondern auch eine M\u00f6glichkeit bieten, junge Menschen durch Werte zu trainieren, die \u00fcber den Ring hinausgehen.<\/span><\/p>\n<\/div><div class=\"awb-gallery-wrapper awb-gallery-wrapper-1 button-span-no\" style=\"--more-btn-alignment:center;\"><div style=\"margin:-5px;--awb-bordersize:5px;--awb-bordercolor:var(--awb-color2);\" class=\"fusion-gallery fusion-gallery-container fusion-grid-3 fusion-columns-total-6 fusion-gallery-layout-grid fusion-gallery-1\"><div style=\"padding:5px;\" class=\"fusion-grid-column fusion-gallery-column fusion-gallery-column-3 hover-type-none\"><div class=\"fusion-gallery-image\"><a href=\"https:\/\/www.boxenicotera.it\/wp-content\/uploads\/2024\/01\/001.jpg\" rel=\"noreferrer\" data-rel=\"iLightbox[gallery_image_1]\" class=\"fusion-lightbox\" target=\"_self\"><img decoding=\"async\" src=\"https:\/\/www.boxenicotera.it\/wp-content\/uploads\/2024\/01\/001.jpg\" data-orig-src=\"https:\/\/www.boxenicotera.it\/wp-content\/uploads\/2024\/01\/001.jpg\" width=\"1500\" height=\"900\" alt=\"\" title=\"001\" aria-label=\"001\" class=\"lazyload img-responsive wp-image-6018\" srcset=\"data:image\/svg+xml,%3Csvg%20xmlns%3D%27http%3A%2F%2Fwww.w3.org%2F2000%2Fsvg%27%20width%3D%271500%27%20height%3D%27900%27%20viewBox%3D%270%200%201500%20900%27%3E%3Crect%20width%3D%271500%27%20height%3D%27900%27%20fill-opacity%3D%220%22%2F%3E%3C%2Fsvg%3E\" data-srcset=\"https:\/\/www.boxenicotera.it\/wp-content\/uploads\/2024\/01\/001-200x120.jpg 200w, https:\/\/www.boxenicotera.it\/wp-content\/uploads\/2024\/01\/001-400x240.jpg 400w, https:\/\/www.boxenicotera.it\/wp-content\/uploads\/2024\/01\/001-600x360.jpg 600w, https:\/\/www.boxenicotera.it\/wp-content\/uploads\/2024\/01\/001-800x480.jpg 800w, https:\/\/www.boxenicotera.it\/wp-content\/uploads\/2024\/01\/001-1200x720.jpg 1200w, https:\/\/www.boxenicotera.it\/wp-content\/uploads\/2024\/01\/001.jpg 1500w\" data-sizes=\"auto\" data-orig-sizes=\"(min-width: 2200px) 100vw, (min-width: 824px) 387px, (min-width: 732px) 580px, (min-width: 640px) 732px, \" \/><\/a><\/div><\/div><div style=\"padding:5px;\" class=\"fusion-grid-column fusion-gallery-column fusion-gallery-column-3 hover-type-none\"><div class=\"fusion-gallery-image\"><a href=\"https:\/\/www.boxenicotera.it\/wp-content\/uploads\/2024\/01\/002.jpg\" rel=\"noreferrer\" data-rel=\"iLightbox[gallery_image_1]\" class=\"fusion-lightbox\" target=\"_self\"><img decoding=\"async\" src=\"https:\/\/www.boxenicotera.it\/wp-content\/uploads\/2024\/01\/002.jpg\" data-orig-src=\"https:\/\/www.boxenicotera.it\/wp-content\/uploads\/2024\/01\/002.jpg\" width=\"1500\" height=\"900\" alt=\"\" title=\"002\" aria-label=\"002\" class=\"lazyload img-responsive wp-image-6020\" srcset=\"data:image\/svg+xml,%3Csvg%20xmlns%3D%27http%3A%2F%2Fwww.w3.org%2F2000%2Fsvg%27%20width%3D%271500%27%20height%3D%27900%27%20viewBox%3D%270%200%201500%20900%27%3E%3Crect%20width%3D%271500%27%20height%3D%27900%27%20fill-opacity%3D%220%22%2F%3E%3C%2Fsvg%3E\" data-srcset=\"https:\/\/www.boxenicotera.it\/wp-content\/uploads\/2024\/01\/002-200x120.jpg 200w, https:\/\/www.boxenicotera.it\/wp-content\/uploads\/2024\/01\/002-400x240.jpg 400w, https:\/\/www.boxenicotera.it\/wp-content\/uploads\/2024\/01\/002-600x360.jpg 600w, https:\/\/www.boxenicotera.it\/wp-content\/uploads\/2024\/01\/002-800x480.jpg 800w, https:\/\/www.boxenicotera.it\/wp-content\/uploads\/2024\/01\/002-1200x720.jpg 1200w, https:\/\/www.boxenicotera.it\/wp-content\/uploads\/2024\/01\/002.jpg 1500w\" data-sizes=\"auto\" data-orig-sizes=\"(min-width: 2200px) 100vw, (min-width: 824px) 387px, (min-width: 732px) 580px, (min-width: 640px) 732px, \" \/><\/a><\/div><\/div><div style=\"padding:5px;\" class=\"fusion-grid-column fusion-gallery-column fusion-gallery-column-3 hover-type-none\"><div class=\"fusion-gallery-image\"><a href=\"https:\/\/www.boxenicotera.it\/wp-content\/uploads\/2024\/01\/003.jpg\" rel=\"noreferrer\" data-rel=\"iLightbox[gallery_image_1]\" class=\"fusion-lightbox\" target=\"_self\"><img decoding=\"async\" src=\"https:\/\/www.boxenicotera.it\/wp-content\/uploads\/2024\/01\/003.jpg\" data-orig-src=\"https:\/\/www.boxenicotera.it\/wp-content\/uploads\/2024\/01\/003.jpg\" width=\"1500\" height=\"900\" alt=\"\" title=\"003\" aria-label=\"003\" class=\"lazyload img-responsive wp-image-6022\" srcset=\"data:image\/svg+xml,%3Csvg%20xmlns%3D%27http%3A%2F%2Fwww.w3.org%2F2000%2Fsvg%27%20width%3D%271500%27%20height%3D%27900%27%20viewBox%3D%270%200%201500%20900%27%3E%3Crect%20width%3D%271500%27%20height%3D%27900%27%20fill-opacity%3D%220%22%2F%3E%3C%2Fsvg%3E\" data-srcset=\"https:\/\/www.boxenicotera.it\/wp-content\/uploads\/2024\/01\/003-200x120.jpg 200w, https:\/\/www.boxenicotera.it\/wp-content\/uploads\/2024\/01\/003-400x240.jpg 400w, https:\/\/www.boxenicotera.it\/wp-content\/uploads\/2024\/01\/003-600x360.jpg 600w, https:\/\/www.boxenicotera.it\/wp-content\/uploads\/2024\/01\/003-800x480.jpg 800w, https:\/\/www.boxenicotera.it\/wp-content\/uploads\/2024\/01\/003-1200x720.jpg 1200w, https:\/\/www.boxenicotera.it\/wp-content\/uploads\/2024\/01\/003.jpg 1500w\" data-sizes=\"auto\" data-orig-sizes=\"(min-width: 2200px) 100vw, (min-width: 824px) 387px, (min-width: 732px) 580px, (min-width: 640px) 732px, \" \/><\/a><\/div><\/div><div class=\"clearfix\"><\/div><div style=\"padding:5px;\" class=\"fusion-grid-column fusion-gallery-column fusion-gallery-column-3 hover-type-none\"><div class=\"fusion-gallery-image\"><a href=\"https:\/\/www.boxenicotera.it\/wp-content\/uploads\/2024\/01\/005.jpg\" rel=\"noreferrer\" data-rel=\"iLightbox[gallery_image_1]\" class=\"fusion-lightbox\" target=\"_self\"><img decoding=\"async\" src=\"https:\/\/www.boxenicotera.it\/wp-content\/uploads\/2024\/01\/005.jpg\" data-orig-src=\"https:\/\/www.boxenicotera.it\/wp-content\/uploads\/2024\/01\/005.jpg\" width=\"1500\" height=\"900\" alt=\"\" title=\"005\" aria-label=\"005\" class=\"lazyload img-responsive wp-image-6024\" srcset=\"data:image\/svg+xml,%3Csvg%20xmlns%3D%27http%3A%2F%2Fwww.w3.org%2F2000%2Fsvg%27%20width%3D%271500%27%20height%3D%27900%27%20viewBox%3D%270%200%201500%20900%27%3E%3Crect%20width%3D%271500%27%20height%3D%27900%27%20fill-opacity%3D%220%22%2F%3E%3C%2Fsvg%3E\" data-srcset=\"https:\/\/www.boxenicotera.it\/wp-content\/uploads\/2024\/01\/005-200x120.jpg 200w, https:\/\/www.boxenicotera.it\/wp-content\/uploads\/2024\/01\/005-400x240.jpg 400w, https:\/\/www.boxenicotera.it\/wp-content\/uploads\/2024\/01\/005-600x360.jpg 600w, https:\/\/www.boxenicotera.it\/wp-content\/uploads\/2024\/01\/005-800x480.jpg 800w, https:\/\/www.boxenicotera.it\/wp-content\/uploads\/2024\/01\/005-1200x720.jpg 1200w, https:\/\/www.boxenicotera.it\/wp-content\/uploads\/2024\/01\/005.jpg 1500w\" data-sizes=\"auto\" data-orig-sizes=\"(min-width: 2200px) 100vw, (min-width: 824px) 387px, (min-width: 732px) 580px, (min-width: 640px) 732px, \" \/><\/a><\/div><\/div><div style=\"padding:5px;\" class=\"fusion-grid-column fusion-gallery-column fusion-gallery-column-3 hover-type-none\"><div class=\"fusion-gallery-image\"><a href=\"https:\/\/www.boxenicotera.it\/wp-content\/uploads\/2024\/01\/004.jpg\" rel=\"noreferrer\" data-rel=\"iLightbox[gallery_image_1]\" class=\"fusion-lightbox\" target=\"_self\"><img decoding=\"async\" src=\"https:\/\/www.boxenicotera.it\/wp-content\/uploads\/2024\/01\/004.jpg\" data-orig-src=\"https:\/\/www.boxenicotera.it\/wp-content\/uploads\/2024\/01\/004.jpg\" width=\"1500\" height=\"900\" alt=\"\" title=\"004\" aria-label=\"004\" class=\"lazyload img-responsive wp-image-6026\" srcset=\"data:image\/svg+xml,%3Csvg%20xmlns%3D%27http%3A%2F%2Fwww.w3.org%2F2000%2Fsvg%27%20width%3D%271500%27%20height%3D%27900%27%20viewBox%3D%270%200%201500%20900%27%3E%3Crect%20width%3D%271500%27%20height%3D%27900%27%20fill-opacity%3D%220%22%2F%3E%3C%2Fsvg%3E\" data-srcset=\"https:\/\/www.boxenicotera.it\/wp-content\/uploads\/2024\/01\/004-200x120.jpg 200w, https:\/\/www.boxenicotera.it\/wp-content\/uploads\/2024\/01\/004-400x240.jpg 400w, https:\/\/www.boxenicotera.it\/wp-content\/uploads\/2024\/01\/004-600x360.jpg 600w, https:\/\/www.boxenicotera.it\/wp-content\/uploads\/2024\/01\/004-800x480.jpg 800w, https:\/\/www.boxenicotera.it\/wp-content\/uploads\/2024\/01\/004-1200x720.jpg 1200w, https:\/\/www.boxenicotera.it\/wp-content\/uploads\/2024\/01\/004.jpg 1500w\" data-sizes=\"auto\" data-orig-sizes=\"(min-width: 2200px) 100vw, (min-width: 824px) 387px, (min-width: 732px) 580px, (min-width: 640px) 732px, \" \/><\/a><\/div><\/div><div style=\"padding:5px;\" class=\"fusion-grid-column fusion-gallery-column fusion-gallery-column-3 hover-type-none\"><div class=\"fusion-gallery-image\"><a href=\"https:\/\/www.boxenicotera.it\/wp-content\/uploads\/2024\/01\/006.jpg\" rel=\"noreferrer\" data-rel=\"iLightbox[gallery_image_1]\" class=\"fusion-lightbox\" target=\"_self\"><img decoding=\"async\" src=\"https:\/\/www.boxenicotera.it\/wp-content\/uploads\/2024\/01\/006.jpg\" data-orig-src=\"https:\/\/www.boxenicotera.it\/wp-content\/uploads\/2024\/01\/006.jpg\" width=\"1500\" height=\"900\" alt=\"\" title=\"006\" aria-label=\"006\" class=\"lazyload img-responsive wp-image-6028\" srcset=\"data:image\/svg+xml,%3Csvg%20xmlns%3D%27http%3A%2F%2Fwww.w3.org%2F2000%2Fsvg%27%20width%3D%271500%27%20height%3D%27900%27%20viewBox%3D%270%200%201500%20900%27%3E%3Crect%20width%3D%271500%27%20height%3D%27900%27%20fill-opacity%3D%220%22%2F%3E%3C%2Fsvg%3E\" data-srcset=\"https:\/\/www.boxenicotera.it\/wp-content\/uploads\/2024\/01\/006-200x120.jpg 200w, https:\/\/www.boxenicotera.it\/wp-content\/uploads\/2024\/01\/006-400x240.jpg 400w, https:\/\/www.boxenicotera.it\/wp-content\/uploads\/2024\/01\/006-600x360.jpg 600w, https:\/\/www.boxenicotera.it\/wp-content\/uploads\/2024\/01\/006-800x480.jpg 800w, https:\/\/www.boxenicotera.it\/wp-content\/uploads\/2024\/01\/006-1200x720.jpg 1200w, https:\/\/www.boxenicotera.it\/wp-content\/uploads\/2024\/01\/006.jpg 1500w\" data-sizes=\"auto\" data-orig-sizes=\"(min-width: 2200px) 100vw, (min-width: 824px) 387px, (min-width: 732px) 580px, (min-width: 640px) 732px, \" \/><\/a><\/div><\/div><div class=\"clearfix\"><\/div><\/div><\/div><\/div><\/div><div class=\"fusion-layout-column fusion_builder_column fusion-builder-column-1 fusion_builder_column_1_1 1_1 fusion-flex-column\" style=\"--awb-bg-size:cover;--awb-width-large:100%;--awb-margin-top-large:51px;--awb-spacing-right-large:1.92%;--awb-margin-bottom-large:20px;--awb-spacing-left-large:1.92%;--awb-width-medium:100%;--awb-order-medium:0;--awb-spacing-right-medium:1.92%;--awb-spacing-left-medium:1.92%;--awb-width-small:100%;--awb-order-small:0;--awb-spacing-right-small:1.92%;--awb-spacing-left-small:1.92%;\"><div class=\"fusion-column-wrapper fusion-column-has-shadow fusion-flex-justify-content-flex-start fusion-content-layout-column\"><div class=\"fusion-title title fusion-title-2 fusion-title-text fusion-title-size-two\"><div class=\"title-sep-container title-sep-container-left fusion-no-large-visibility fusion-no-medium-visibility fusion-no-small-visibility\"><div class=\"title-sep sep- sep-solid\" style=\"border-color:var(--awb-color3);\"><\/div><\/div><span class=\"awb-title-spacer fusion-no-large-visibility fusion-no-medium-visibility fusion-no-small-visibility\"><\/span><h2 class=\"fusion-title-heading title-heading-left fusion-responsive-typography-calculated\" style=\"margin:0;text-transform:none;--fontSize:42;line-height:var(--awb-typography1-line-height);\">Streetwork.bz<\/h2><span class=\"awb-title-spacer\"><\/span><div class=\"title-sep-container title-sep-container-right\"><div class=\"title-sep sep- sep-solid\" style=\"border-color:var(--awb-color3);\"><\/div><\/div><\/div><div class=\"fusion-separator\" style=\"align-self: flex-start;margin-right:auto;margin-top:0px;margin-bottom:25px;width:100%;max-width:300px;\"><div class=\"fusion-separator-border sep-single sep-solid\" style=\"--awb-height:20px;--awb-amount:20px;--awb-sep-color:var(--awb-color4);border-color:var(--awb-color4);border-top-width:2px;\"><\/div><\/div><div class=\"fusion-text fusion-text-2\"><p>StreetworkBZ ist ein <strong>integrierter Jugendpr\u00e4ventionsdienst f\u00fcr Jugendliche<\/strong> im Alter von 11 bis 26 Jahren aller Sprach- und Kulturgemeinschaften in der <strong>Stadt Bozen.<\/strong> Durch die Praxis des Boxens und die p\u00e4dagogische Unterst\u00fctzung der Streetworker vor Ort zielt der Service darauf ab, <strong>risikoreiche Verhaltensweisen zu verhindern und zu reduzieren<\/strong>, die zu <strong>sozialen Schwierigkeiten<\/strong> f\u00fchren k\u00f6nnen, und damit das Wohlbefinden junger Menschen und der gesamten Gemeinschaft zu f\u00f6rdern. Der Service wird durch die Synergie zwischen der Organisation Forum Prevenzione Onlus und dem ASD Boxe Nicotera Alto Adige-Sudtirol realisiert und erm\u00f6glicht es, die noble Kunst zu erm\u00e4\u00dfigten Bedingungen zu erlernen, um das gef\u00e4hrliche &#8222;Do-it-yourself&#8220; zu vermeiden.<\/p>\n<\/div><div ><a class=\"fusion-button button-flat fusion-button-default-size button-default fusion-button-default button-1 fusion-button-default-span \" style=\"--button-border-radius-top-left:10px;--button-border-radius-bottom-right:10px;--button_text_transform:none;\" target=\"_blank\" rel=\"noopener noreferrer\" href=\"https:\/\/www.forum-p.it\/it\/streetworkbz--1-380.html\"><span class=\"fusion-button-text\">streetwork.bz<\/span><\/a><\/div><\/div><\/div><\/div><\/div>\n","protected":false},"excerpt":{"rendered":"","protected":false},"author":2,"featured_media":5778,"parent":0,"menu_order":0,"comment_status":"closed","ping_status":"closed","template":"","meta":{"footnotes":""},"class_list":["post-5883","page","type-page","status-publish","has-post-thumbnail","hentry"],"_links":{"self":[{"href":"https:\/\/www.boxenicotera.it\/de\/wp-json\/wp\/v2\/pages\/5883","targetHints":{"allow":["GET"]}}],"collection":[{"href":"https:\/\/www.boxenicotera.it\/de\/wp-json\/wp\/v2\/pages"}],"about":[{"href":"https:\/\/www.boxenicotera.it\/de\/wp-json\/wp\/v2\/types\/page"}],"author":[{"embeddable":true,"href":"https:\/\/www.boxenicotera.it\/de\/wp-json\/wp\/v2\/users\/2"}],"replies":[{"embeddable":true,"href":"https:\/\/www.boxenicotera.it\/de\/wp-json\/wp\/v2\/comments?post=5883"}],"version-history":[{"count":10,"href":"https:\/\/www.boxenicotera.it\/de\/wp-json\/wp\/v2\/pages\/5883\/revisions"}],"predecessor-version":[{"id":6035,"href":"https:\/\/www.boxenicotera.it\/de\/wp-json\/wp\/v2\/pages\/5883\/revisions\/6035"}],"wp:featuredmedia":[{"embeddable":true,"href":"https:\/\/www.boxenicotera.it\/de\/wp-json\/wp\/v2\/media\/5778"}],"wp:attachment":[{"href":"https:\/\/www.boxenicotera.it\/de\/wp-json\/wp\/v2\/media?parent=5883"}],"curies":[{"name":"wp","href":"https:\/\/api.w.org\/{rel}","templated":true}]}}