{"id":5878,"date":"2023-02-20T13:39:30","date_gmt":"2023-02-20T13:39:30","guid":{"rendered":"https:\/\/www.boxenicotera.com\/trainer\/"},"modified":"2023-05-15T09:39:08","modified_gmt":"2023-05-15T09:39:08","slug":"trainer","status":"publish","type":"page","link":"https:\/\/www.boxenicotera.it\/de\/trainer\/","title":{"rendered":"Trainer"},"content":{"rendered":"<p><div class=\"fusion-fullwidth fullwidth-box fusion-builder-row-1 fusion-flex-container has-pattern-background has-mask-background nonhundred-percent-fullwidth non-hundred-percent-height-scrolling\" style=\"--awb-border-radius-top-left:0px;--awb-border-radius-top-right:0px;--awb-border-radius-bottom-right:0px;--awb-border-radius-bottom-left:0px;--awb-flex-wrap:wrap;\" ><div class=\"fusion-builder-row fusion-row fusion-flex-align-items-flex-start fusion-flex-content-wrap\" style=\"max-width:1216.8px;margin-left: calc(-4% \/ 2 );margin-right: calc(-4% \/ 2 );\"><div class=\"fusion-layout-column fusion_builder_column fusion-builder-column-0 fusion_builder_column_1_1 1_1 fusion-flex-column\" style=\"--awb-bg-size:cover;--awb-width-large:100%;--awb-margin-top-large:0px;--awb-spacing-right-large:1.92%;--awb-margin-bottom-large:20px;--awb-spacing-left-large:1.92%;--awb-width-medium:100%;--awb-order-medium:0;--awb-spacing-right-medium:1.92%;--awb-spacing-left-medium:1.92%;--awb-width-small:100%;--awb-order-small:0;--awb-spacing-right-small:1.92%;--awb-spacing-left-small:1.92%;\"><div class=\"fusion-column-wrapper fusion-column-has-shadow fusion-flex-justify-content-flex-start fusion-content-layout-column\"><div class=\"fusion-title title fusion-title-1 fusion-title-text fusion-title-size-two\"><div class=\"title-sep-container title-sep-container-left fusion-no-large-visibility fusion-no-medium-visibility fusion-no-small-visibility\"><div class=\"title-sep sep- sep-solid\" style=\"border-color:var(--awb-color3);\"><\/div><\/div><span class=\"awb-title-spacer fusion-no-large-visibility fusion-no-medium-visibility fusion-no-small-visibility\"><\/span><h2 class=\"fusion-title-heading title-heading-left fusion-responsive-typography-calculated\" style=\"margin:0;text-transform:capitalize;--fontSize:42;line-height:var(--awb-typography1-line-height);\">Francesco Nicotera<\/h2><span class=\"awb-title-spacer\"><\/span><div class=\"title-sep-container title-sep-container-right\"><div class=\"title-sep sep- sep-solid\" style=\"border-color:var(--awb-color3);\"><\/div><\/div><\/div><div class=\"fusion-separator\" style=\"align-self: flex-start;margin-right:auto;margin-bottom:25px;width:100%;max-width:300px;\"><div class=\"fusion-separator-border sep-single sep-solid\" style=\"--awb-height:20px;--awb-amount:20px;--awb-sep-color:var(--awb-color4);border-color:var(--awb-color4);border-top-width:3px;\"><\/div><\/div><div class=\"fusion-text fusion-text-1\"><p style=\"text-align: justyfy;\">Francesco Nicotera wurde am 13.08.1967 in Bozen geboren. Im Jahr 1979 begann er, das Boxstudio in der Trieststr. zu besuchen, wo er f\u00fcr den Boxclub Bozen unter der Leitung von Meister Bruno Barcheri k\u00e4mpfte. In seiner Karriere bestritt er rund hundert K\u00e4mpfe und wurde Vize-Italienmeister im Jahr 1991. Diese Leistung best\u00e4tigte er auch im Jahr 1992. Im gleichen Jahr wurde er vom Nationaltrainer entdeckt und f\u00fcr das Nationalteam nominiert, wo er sich einen Platz im Elite-Team sicherte. In der Mannschaft, die am Turnier der 32 Nationen teilgenommen hat, gewinnt Nicotera die Goldmedaille im Finale gegen den russischen Champion Andrey Chalikov. Im selben Jahr gewinnt er auch Goldmedaillen in Montreal und Toronto bei den Dual-Matches Italien-Kanada. Er best\u00e4tigt den vierten Platz bei den Mittelmeer-Spielen in Frankreich und den siebten Platz bei den Weltmeisterschaften in Finnland. Im Jahr 1993 beendet er seine Karriere aufgrund eines medizinischen Problems und steht auf dem zweiten Platz der italienischen Rangliste, dem vierten Platz der europ\u00e4ischen und dem siebten Platz der Welt. Im Jahr 1995 beginnt Nicotera, die noble Kunst zu unterrichten und widmet sich den jungen Menschen, die sich in diesem fantastischen Sport versuchen m\u00f6chten.<\/p>\n<\/div><div class=\"awb-gallery-wrapper awb-gallery-wrapper-1 button-span-no\" style=\"--more-btn-alignment:center;\"><div style=\"margin:-2px;--awb-bordersize:0px;\" class=\"fusion-gallery fusion-gallery-container fusion-grid-3 fusion-columns-total-3 fusion-gallery-layout-grid fusion-gallery-1\"><div style=\"padding:2.5px;\" class=\"fusion-grid-column fusion-gallery-column fusion-gallery-column-3 hover-type-none\"><div class=\"fusion-gallery-image\"><a href=\"https:\/\/www.boxenicotera.it\/wp-content\/uploads\/2023\/02\/nicotera1.jpg\" rel=\"noreferrer\" data-rel=\"iLightbox[gallery_image_1]\" class=\"fusion-lightbox\" target=\"_self\"><img decoding=\"async\" src=\"https:\/\/www.boxenicotera.it\/wp-content\/uploads\/2023\/02\/nicotera1.jpg\" data-orig-src=\"https:\/\/www.boxenicotera.it\/wp-content\/uploads\/2023\/02\/nicotera1.jpg\" width=\"750\" height=\"1500\" alt=\"\" title=\"nicotera1\" aria-label=\"nicotera1\" class=\"lazyload img-responsive wp-image-5323\" srcset=\"data:image\/svg+xml,%3Csvg%20xmlns%3D%27http%3A%2F%2Fwww.w3.org%2F2000%2Fsvg%27%20width%3D%27750%27%20height%3D%271500%27%20viewBox%3D%270%200%20750%201500%27%3E%3Crect%20width%3D%27750%27%20height%3D%271500%27%20fill-opacity%3D%220%22%2F%3E%3C%2Fsvg%3E\" data-srcset=\"https:\/\/www.boxenicotera.it\/wp-content\/uploads\/2023\/02\/nicotera1-200x400.jpg 200w, https:\/\/www.boxenicotera.it\/wp-content\/uploads\/2023\/02\/nicotera1-400x800.jpg 400w, https:\/\/www.boxenicotera.it\/wp-content\/uploads\/2023\/02\/nicotera1-600x1200.jpg 600w, https:\/\/www.boxenicotera.it\/wp-content\/uploads\/2023\/02\/nicotera1.jpg 750w\" data-sizes=\"auto\" data-orig-sizes=\"(min-width: 2200px) 100vw, (min-width: 824px) 389px, (min-width: 732px) 583px, (min-width: 640px) 732px, \" \/><\/a><\/div><\/div><div style=\"padding:2.5px;\" class=\"fusion-grid-column fusion-gallery-column fusion-gallery-column-3 hover-type-none\"><div class=\"fusion-gallery-image\"><a href=\"https:\/\/www.boxenicotera.it\/wp-content\/uploads\/2023\/02\/nicotera2.jpg\" rel=\"noreferrer\" data-rel=\"iLightbox[gallery_image_1]\" class=\"fusion-lightbox\" target=\"_self\"><img decoding=\"async\" src=\"https:\/\/www.boxenicotera.it\/wp-content\/uploads\/2023\/02\/nicotera2.jpg\" data-orig-src=\"https:\/\/www.boxenicotera.it\/wp-content\/uploads\/2023\/02\/nicotera2.jpg\" width=\"750\" height=\"1500\" alt=\"\" title=\"nicotera2\" aria-label=\"nicotera2\" class=\"lazyload img-responsive wp-image-5324\" srcset=\"data:image\/svg+xml,%3Csvg%20xmlns%3D%27http%3A%2F%2Fwww.w3.org%2F2000%2Fsvg%27%20width%3D%27750%27%20height%3D%271500%27%20viewBox%3D%270%200%20750%201500%27%3E%3Crect%20width%3D%27750%27%20height%3D%271500%27%20fill-opacity%3D%220%22%2F%3E%3C%2Fsvg%3E\" data-srcset=\"https:\/\/www.boxenicotera.it\/wp-content\/uploads\/2023\/02\/nicotera2-200x400.jpg 200w, https:\/\/www.boxenicotera.it\/wp-content\/uploads\/2023\/02\/nicotera2-400x800.jpg 400w, https:\/\/www.boxenicotera.it\/wp-content\/uploads\/2023\/02\/nicotera2-600x1200.jpg 600w, https:\/\/www.boxenicotera.it\/wp-content\/uploads\/2023\/02\/nicotera2.jpg 750w\" data-sizes=\"auto\" data-orig-sizes=\"(min-width: 2200px) 100vw, (min-width: 824px) 389px, (min-width: 732px) 583px, (min-width: 640px) 732px, \" \/><\/a><\/div><\/div><div style=\"padding:2.5px;\" class=\"fusion-grid-column fusion-gallery-column fusion-gallery-column-3 hover-type-none\"><div class=\"fusion-gallery-image\"><a href=\"https:\/\/www.boxenicotera.it\/wp-content\/uploads\/2023\/02\/nicotera3-2.jpg\" rel=\"noreferrer\" data-rel=\"iLightbox[gallery_image_1]\" class=\"fusion-lightbox\" target=\"_self\"><img decoding=\"async\" src=\"https:\/\/www.boxenicotera.it\/wp-content\/uploads\/2023\/02\/nicotera3-2.jpg\" data-orig-src=\"https:\/\/www.boxenicotera.it\/wp-content\/uploads\/2023\/02\/nicotera3-2.jpg\" width=\"750\" height=\"1500\" alt=\"\" title=\"nicotera3\" aria-label=\"nicotera3\" class=\"lazyload img-responsive wp-image-5329\" srcset=\"data:image\/svg+xml,%3Csvg%20xmlns%3D%27http%3A%2F%2Fwww.w3.org%2F2000%2Fsvg%27%20width%3D%27750%27%20height%3D%271500%27%20viewBox%3D%270%200%20750%201500%27%3E%3Crect%20width%3D%27750%27%20height%3D%271500%27%20fill-opacity%3D%220%22%2F%3E%3C%2Fsvg%3E\" data-srcset=\"https:\/\/www.boxenicotera.it\/wp-content\/uploads\/2023\/02\/nicotera3-2-200x400.jpg 200w, https:\/\/www.boxenicotera.it\/wp-content\/uploads\/2023\/02\/nicotera3-2-400x800.jpg 400w, https:\/\/www.boxenicotera.it\/wp-content\/uploads\/2023\/02\/nicotera3-2-600x1200.jpg 600w, https:\/\/www.boxenicotera.it\/wp-content\/uploads\/2023\/02\/nicotera3-2.jpg 750w\" data-sizes=\"auto\" data-orig-sizes=\"(min-width: 2200px) 100vw, (min-width: 824px) 389px, (min-width: 732px) 583px, (min-width: 640px) 732px, \" \/><\/a><\/div><\/div><div class=\"clearfix\"><\/div><\/div><\/div><\/div><\/div><\/div><\/div><div class=\"fusion-fullwidth fullwidth-box fusion-builder-row-2 fusion-flex-container has-pattern-background has-mask-background nonhundred-percent-fullwidth non-hundred-percent-height-scrolling\" style=\"--awb-border-radius-top-left:0px;--awb-border-radius-top-right:0px;--awb-border-radius-bottom-right:0px;--awb-border-radius-bottom-left:0px;--awb-margin-top:50px;--awb-flex-wrap:wrap;\" ><div class=\"fusion-builder-row fusion-row fusion-flex-align-items-flex-start fusion-flex-content-wrap\" style=\"max-width:1216.8px;margin-left: calc(-4% \/ 2 );margin-right: calc(-4% \/ 2 );\"><div class=\"fusion-layout-column fusion_builder_column fusion-builder-column-1 fusion_builder_column_2_3 2_3 fusion-flex-column\" style=\"--awb-bg-size:cover;--awb-width-large:66.666666666667%;--awb-margin-top-large:0px;--awb-spacing-right-large:2.88%;--awb-margin-bottom-large:20px;--awb-spacing-left-large:2.88%;--awb-width-medium:100%;--awb-order-medium:0;--awb-spacing-right-medium:1.92%;--awb-spacing-left-medium:1.92%;--awb-width-small:100%;--awb-order-small:0;--awb-spacing-right-small:1.92%;--awb-spacing-left-small:1.92%;\"><div class=\"fusion-column-wrapper fusion-column-has-shadow fusion-flex-justify-content-flex-start fusion-content-layout-column\"><div class=\"fusion-title title fusion-title-2 fusion-title-text fusion-title-size-two\"><div class=\"title-sep-container title-sep-container-left fusion-no-large-visibility fusion-no-medium-visibility fusion-no-small-visibility\"><div class=\"title-sep sep- sep-solid\" style=\"border-color:var(--awb-color3);\"><\/div><\/div><span class=\"awb-title-spacer fusion-no-large-visibility fusion-no-medium-visibility fusion-no-small-visibility\"><\/span><h2 class=\"fusion-title-heading title-heading-left fusion-responsive-typography-calculated\" style=\"margin:0;text-transform:capitalize;--fontSize:42;line-height:var(--awb-typography1-line-height);\">Alessandro Mazzoni<\/h2><span class=\"awb-title-spacer\"><\/span><div class=\"title-sep-container title-sep-container-right\"><div class=\"title-sep sep- sep-solid\" style=\"border-color:var(--awb-color3);\"><\/div><\/div><\/div><div class=\"fusion-separator\" style=\"align-self: flex-start;margin-right:auto;margin-bottom:25px;width:100%;max-width:300px;\"><div class=\"fusion-separator-border sep-single sep-solid\" style=\"--awb-height:20px;--awb-amount:20px;--awb-sep-color:var(--awb-color4);border-color:var(--awb-color4);border-top-width:3px;\"><\/div><\/div><div class=\"fusion-text fusion-text-2\"><p style=\"text-align: justify;\">Geboren in Legnago am 09.02.1977. Er betritt im Jahr 1989 im Alter von 12 Jahren die Boxhalle der Accademia Pugilistica Legnaghese. Nachdem er Boxen auf pr\u00e4-agonistischem Niveau betrieben hat, deb\u00fctiert er als Novizio A im Jahr 1993 und gewinnt dabei die italienische Novizi-Meisterschaft in der Kategorie der Superleichtgewichte (63,5 kg). Im Jahr 1995 gewinnt er die Bronzemedaille bei den italienischen Meisterschaften der 3. Serie im Weltergewicht (67 kg). Nachdem er in die Mittelgewichtsklasse (75 kg) gewechselt hat, gewinnt er 2001 und 2002 die italienischen Universit\u00e4tsmeisterschaften, 2003 die Bronzemedaille bei den italienischen Meisterschaften der Erwachsenen und 2004 den Turniersieg in Cremona, den er im darauffolgenden Jahr im Halbschwergewicht (81 kg) wiederholt. Er beendet seine Karriere als Wettkampfboxer im Jahr 2008 und zieht 2010 nach Bozen, wo er bei Boxe Nicotera Alto Adige S\u00fcdtirol als Trainer t\u00e4tig wird.<\/p>\n<\/div><\/div><\/div><div class=\"fusion-layout-column fusion_builder_column fusion-builder-column-2 fusion_builder_column_1_3 1_3 fusion-flex-column\" style=\"--awb-bg-size:cover;--awb-width-large:33.333333333333%;--awb-margin-top-large:0px;--awb-spacing-right-large:5.76%;--awb-margin-bottom-large:20px;--awb-spacing-left-large:5.76%;--awb-width-medium:100%;--awb-order-medium:0;--awb-spacing-right-medium:1.92%;--awb-spacing-left-medium:1.92%;--awb-width-small:100%;--awb-order-small:0;--awb-spacing-right-small:1.92%;--awb-spacing-left-small:1.92%;\"><div class=\"fusion-column-wrapper fusion-column-has-shadow fusion-flex-justify-content-flex-start fusion-content-layout-column\"><div class=\"fusion-image-element \" style=\"--awb-caption-title-font-family:var(--h2_typography-font-family);--awb-caption-title-font-weight:var(--h2_typography-font-weight);--awb-caption-title-font-style:var(--h2_typography-font-style);--awb-caption-title-size:var(--h2_typography-font-size);--awb-caption-title-transform:var(--h2_typography-text-transform);--awb-caption-title-line-height:var(--h2_typography-line-height);--awb-caption-title-letter-spacing:var(--h2_typography-letter-spacing);\"><span class=\" fusion-imageframe imageframe-none imageframe-1 hover-type-none\"><img decoding=\"async\" width=\"1500\" height=\"1500\" title=\"mazzoni\" src=\"https:\/\/www.boxenicotera.it\/wp-content\/uploads\/2023\/02\/mazzoni-1.jpg\" data-orig-src=\"https:\/\/www.boxenicotera.com\/wp-content\/uploads\/2023\/02\/mazzoni-1.jpg\" alt class=\"lazyload img-responsive wp-image-5752\" srcset=\"data:image\/svg+xml,%3Csvg%20xmlns%3D%27http%3A%2F%2Fwww.w3.org%2F2000%2Fsvg%27%20width%3D%271500%27%20height%3D%271500%27%20viewBox%3D%270%200%201500%201500%27%3E%3Crect%20width%3D%271500%27%20height%3D%271500%27%20fill-opacity%3D%220%22%2F%3E%3C%2Fsvg%3E\" data-srcset=\"https:\/\/www.boxenicotera.it\/wp-content\/uploads\/2023\/02\/mazzoni-1-200x200.jpg 200w, https:\/\/www.boxenicotera.it\/wp-content\/uploads\/2023\/02\/mazzoni-1-400x400.jpg 400w, https:\/\/www.boxenicotera.it\/wp-content\/uploads\/2023\/02\/mazzoni-1-600x600.jpg 600w, https:\/\/www.boxenicotera.it\/wp-content\/uploads\/2023\/02\/mazzoni-1-800x800.jpg 800w, https:\/\/www.boxenicotera.it\/wp-content\/uploads\/2023\/02\/mazzoni-1-1200x1200.jpg 1200w, https:\/\/www.boxenicotera.it\/wp-content\/uploads\/2023\/02\/mazzoni-1.jpg 1500w\" data-sizes=\"auto\" data-orig-sizes=\"(max-width: 1024px) 100vw, (max-width: 640px) 100vw, 400px\" \/><\/span><\/div><\/div><\/div><\/div><\/div><div class=\"fusion-fullwidth fullwidth-box fusion-builder-row-3 fusion-flex-container has-pattern-background has-mask-background nonhundred-percent-fullwidth non-hundred-percent-height-scrolling\" style=\"--awb-border-radius-top-left:0px;--awb-border-radius-top-right:0px;--awb-border-radius-bottom-right:0px;--awb-border-radius-bottom-left:0px;--awb-margin-top:50px;--awb-flex-wrap:wrap;\" ><div class=\"fusion-builder-row fusion-row fusion-flex-align-items-flex-start fusion-flex-content-wrap\" style=\"max-width:1216.8px;margin-left: calc(-4% \/ 2 );margin-right: calc(-4% \/ 2 );\"><div class=\"fusion-layout-column fusion_builder_column fusion-builder-column-3 fusion_builder_column_2_3 2_3 fusion-flex-column\" style=\"--awb-bg-size:cover;--awb-width-large:66.666666666667%;--awb-margin-top-large:0px;--awb-spacing-right-large:2.88%;--awb-margin-bottom-large:20px;--awb-spacing-left-large:2.88%;--awb-width-medium:100%;--awb-order-medium:0;--awb-spacing-right-medium:1.92%;--awb-spacing-left-medium:1.92%;--awb-width-small:100%;--awb-order-small:0;--awb-spacing-right-small:1.92%;--awb-spacing-left-small:1.92%;\"><div class=\"fusion-column-wrapper fusion-column-has-shadow fusion-flex-justify-content-flex-start fusion-content-layout-column\"><div class=\"fusion-title title fusion-title-3 fusion-title-text fusion-title-size-two\"><div class=\"title-sep-container title-sep-container-left fusion-no-large-visibility fusion-no-medium-visibility fusion-no-small-visibility\"><div class=\"title-sep sep- sep-solid\" style=\"border-color:var(--awb-color3);\"><\/div><\/div><span class=\"awb-title-spacer fusion-no-large-visibility fusion-no-medium-visibility fusion-no-small-visibility\"><\/span><h2 class=\"fusion-title-heading title-heading-left fusion-responsive-typography-calculated\" style=\"margin:0;text-transform:capitalize;--fontSize:42;line-height:var(--awb-typography1-line-height);\">Mazhar Abassi<\/h2><span class=\"awb-title-spacer\"><\/span><div class=\"title-sep-container title-sep-container-right\"><div class=\"title-sep sep- sep-solid\" style=\"border-color:var(--awb-color3);\"><\/div><\/div><\/div><div class=\"fusion-separator\" style=\"align-self: flex-start;margin-right:auto;margin-bottom:25px;width:100%;max-width:300px;\"><div class=\"fusion-separator-border sep-single sep-solid\" style=\"--awb-height:20px;--awb-amount:20px;--awb-sep-color:var(--awb-color4);border-color:var(--awb-color4);border-top-width:3px;\"><\/div><\/div><div class=\"fusion-text fusion-text-3\"><p style=\"text-align: justify;\">Geboren in Pakistan am 28.03.1986. Er beginnt im Alter von sieben Jahren mit Boxen und absolviert in elf Jahren etwa 80 K\u00e4mpfe. Nach seinem Umzug nach Bozen im Jahr 2016 setzte er sein Training fort und wurde 2020 als Trainer Teil der Boxe Nicotera.<\/p>\n<\/div><\/div><\/div><div class=\"fusion-layout-column fusion_builder_column fusion-builder-column-4 fusion_builder_column_1_3 1_3 fusion-flex-column\" style=\"--awb-bg-size:cover;--awb-width-large:33.333333333333%;--awb-margin-top-large:0px;--awb-spacing-right-large:5.76%;--awb-margin-bottom-large:20px;--awb-spacing-left-large:5.76%;--awb-width-medium:100%;--awb-order-medium:0;--awb-spacing-right-medium:1.92%;--awb-spacing-left-medium:1.92%;--awb-width-small:100%;--awb-order-small:0;--awb-spacing-right-small:1.92%;--awb-spacing-left-small:1.92%;\"><div class=\"fusion-column-wrapper fusion-column-has-shadow fusion-flex-justify-content-flex-start fusion-content-layout-column\"><div class=\"fusion-image-element \" style=\"--awb-caption-title-font-family:var(--h2_typography-font-family);--awb-caption-title-font-weight:var(--h2_typography-font-weight);--awb-caption-title-font-style:var(--h2_typography-font-style);--awb-caption-title-size:var(--h2_typography-font-size);--awb-caption-title-transform:var(--h2_typography-text-transform);--awb-caption-title-line-height:var(--h2_typography-line-height);--awb-caption-title-letter-spacing:var(--h2_typography-letter-spacing);\"><span class=\" fusion-imageframe imageframe-none imageframe-2 hover-type-none\"><img decoding=\"async\" width=\"1500\" height=\"1500\" title=\"abassi\" src=\"https:\/\/www.boxenicotera.it\/wp-content\/uploads\/2023\/02\/abassi-1.jpg\" data-orig-src=\"https:\/\/www.boxenicotera.com\/wp-content\/uploads\/2023\/02\/abassi-1.jpg\" alt class=\"lazyload img-responsive wp-image-5753\" srcset=\"data:image\/svg+xml,%3Csvg%20xmlns%3D%27http%3A%2F%2Fwww.w3.org%2F2000%2Fsvg%27%20width%3D%271500%27%20height%3D%271500%27%20viewBox%3D%270%200%201500%201500%27%3E%3Crect%20width%3D%271500%27%20height%3D%271500%27%20fill-opacity%3D%220%22%2F%3E%3C%2Fsvg%3E\" data-srcset=\"https:\/\/www.boxenicotera.it\/wp-content\/uploads\/2023\/02\/abassi-1-200x200.jpg 200w, https:\/\/www.boxenicotera.it\/wp-content\/uploads\/2023\/02\/abassi-1-400x400.jpg 400w, https:\/\/www.boxenicotera.it\/wp-content\/uploads\/2023\/02\/abassi-1-600x600.jpg 600w, https:\/\/www.boxenicotera.it\/wp-content\/uploads\/2023\/02\/abassi-1-800x800.jpg 800w, https:\/\/www.boxenicotera.it\/wp-content\/uploads\/2023\/02\/abassi-1-1200x1200.jpg 1200w, https:\/\/www.boxenicotera.it\/wp-content\/uploads\/2023\/02\/abassi-1.jpg 1500w\" data-sizes=\"auto\" data-orig-sizes=\"(max-width: 1024px) 100vw, (max-width: 640px) 100vw, 400px\" \/><\/span><\/div><\/div><\/div><\/div><\/div><div class=\"fusion-fullwidth fullwidth-box fusion-builder-row-4 fusion-flex-container has-pattern-background has-mask-background nonhundred-percent-fullwidth non-hundred-percent-height-scrolling\" style=\"--awb-border-radius-top-left:0px;--awb-border-radius-top-right:0px;--awb-border-radius-bottom-right:0px;--awb-border-radius-bottom-left:0px;--awb-margin-top:50px;--awb-flex-wrap:wrap;\" ><div class=\"fusion-builder-row fusion-row fusion-flex-align-items-flex-start fusion-flex-content-wrap\" style=\"max-width:1216.8px;margin-left: calc(-4% \/ 2 );margin-right: calc(-4% \/ 2 );\"><div class=\"fusion-layout-column fusion_builder_column fusion-builder-column-5 fusion_builder_column_2_3 2_3 fusion-flex-column\" style=\"--awb-bg-size:cover;--awb-width-large:66.666666666667%;--awb-margin-top-large:0px;--awb-spacing-right-large:2.88%;--awb-margin-bottom-large:20px;--awb-spacing-left-large:2.88%;--awb-width-medium:100%;--awb-order-medium:0;--awb-spacing-right-medium:1.92%;--awb-spacing-left-medium:1.92%;--awb-width-small:100%;--awb-order-small:0;--awb-spacing-right-small:1.92%;--awb-spacing-left-small:1.92%;\"><div class=\"fusion-column-wrapper fusion-column-has-shadow fusion-flex-justify-content-flex-start fusion-content-layout-column\"><div class=\"fusion-title title fusion-title-4 fusion-title-text fusion-title-size-two\"><div class=\"title-sep-container title-sep-container-left fusion-no-large-visibility fusion-no-medium-visibility fusion-no-small-visibility\"><div class=\"title-sep sep- sep-solid\" style=\"border-color:var(--awb-color3);\"><\/div><\/div><span class=\"awb-title-spacer fusion-no-large-visibility fusion-no-medium-visibility fusion-no-small-visibility\"><\/span><h2 class=\"fusion-title-heading title-heading-left fusion-responsive-typography-calculated\" style=\"margin:0;text-transform:capitalize;--fontSize:42;line-height:var(--awb-typography1-line-height);\">Paolo Grigis<\/h2><span class=\"awb-title-spacer\"><\/span><div class=\"title-sep-container title-sep-container-right\"><div class=\"title-sep sep- sep-solid\" style=\"border-color:var(--awb-color3);\"><\/div><\/div><\/div><div class=\"fusion-separator\" style=\"align-self: flex-start;margin-right:auto;margin-bottom:25px;width:100%;max-width:300px;\"><div class=\"fusion-separator-border sep-single sep-solid\" style=\"--awb-height:20px;--awb-amount:20px;--awb-sep-color:var(--awb-color4);border-color:var(--awb-color4);border-top-width:3px;\"><\/div><\/div><div class=\"fusion-text fusion-text-4\"><p style=\"text-align: justify;\">Gro\u00dfer Fan von Kampfsportarten seit seiner Jugend, beschloss er, seine Karriere als Sozialpsychologe und Forscher mit der T\u00e4tigkeit als Trainer f\u00fcr Amateurboxer zu verbinden. Er hat eine gemischte Ausbildung in Kickboxen und Boxen. Er begann seine Karriere als Gym Boxe Trainer im November 2021 und war ein Jahr lang als Coach im Caloi 360 Gym in Bergamo t\u00e4tig. In der Sporthalle ist er bereit, alles zu tun, um Athleten zu motivieren und zu unterst\u00fctzen, damit sie ihre gew\u00fcnschten Fortschritte erreichen k\u00f6nnen. Er hat eine gro\u00dfe Leidenschaft f\u00fcr Technik, aber auch f\u00fcr intensives und umfassendes Training. Sie werden ihn immer pr\u00e4sent finden und bereit, Ratschl\u00e4ge auszutauschen und seine Entschlossenheit zu \u00fcbertragen.<\/p>\n<\/div><\/div><\/div><div class=\"fusion-layout-column fusion_builder_column fusion-builder-column-6 fusion_builder_column_1_3 1_3 fusion-flex-column\" style=\"--awb-bg-size:cover;--awb-width-large:33.333333333333%;--awb-margin-top-large:0px;--awb-spacing-right-large:5.76%;--awb-margin-bottom-large:20px;--awb-spacing-left-large:5.76%;--awb-width-medium:100%;--awb-order-medium:0;--awb-spacing-right-medium:1.92%;--awb-spacing-left-medium:1.92%;--awb-width-small:100%;--awb-order-small:0;--awb-spacing-right-small:1.92%;--awb-spacing-left-small:1.92%;\"><div class=\"fusion-column-wrapper fusion-column-has-shadow fusion-flex-justify-content-flex-start fusion-content-layout-column\"><div class=\"fusion-image-element \" style=\"--awb-caption-title-font-family:var(--h2_typography-font-family);--awb-caption-title-font-weight:var(--h2_typography-font-weight);--awb-caption-title-font-style:var(--h2_typography-font-style);--awb-caption-title-size:var(--h2_typography-font-size);--awb-caption-title-transform:var(--h2_typography-text-transform);--awb-caption-title-line-height:var(--h2_typography-line-height);--awb-caption-title-letter-spacing:var(--h2_typography-letter-spacing);\"><span class=\" fusion-imageframe imageframe-none imageframe-3 hover-type-none\"><img decoding=\"async\" width=\"594\" height=\"594\" title=\"grigis2-600x800_square\" src=\"https:\/\/www.boxenicotera.it\/wp-content\/uploads\/2023\/03\/grigis2-600x800_square.jpg\" data-orig-src=\"https:\/\/www.boxenicotera.com\/wp-content\/uploads\/2023\/03\/grigis2-600x800_square.jpg\" alt class=\"lazyload img-responsive wp-image-5779\" srcset=\"data:image\/svg+xml,%3Csvg%20xmlns%3D%27http%3A%2F%2Fwww.w3.org%2F2000%2Fsvg%27%20width%3D%27594%27%20height%3D%27594%27%20viewBox%3D%270%200%20594%20594%27%3E%3Crect%20width%3D%27594%27%20height%3D%27594%27%20fill-opacity%3D%220%22%2F%3E%3C%2Fsvg%3E\" data-srcset=\"https:\/\/www.boxenicotera.it\/wp-content\/uploads\/2023\/03\/grigis2-600x800_square-200x200.jpg 200w, https:\/\/www.boxenicotera.it\/wp-content\/uploads\/2023\/03\/grigis2-600x800_square-400x400.jpg 400w, https:\/\/www.boxenicotera.it\/wp-content\/uploads\/2023\/03\/grigis2-600x800_square.jpg 594w\" data-sizes=\"auto\" data-orig-sizes=\"(max-width: 1024px) 100vw, (max-width: 640px) 100vw, 400px\" \/><\/span><\/div><\/div><\/div><\/div><\/div><\/p>\n","protected":false},"excerpt":{"rendered":"","protected":false},"author":2,"featured_media":5744,"parent":0,"menu_order":0,"comment_status":"closed","ping_status":"closed","template":"","meta":{"footnotes":""},"class_list":["post-5878","page","type-page","status-publish","has-post-thumbnail","hentry"],"_links":{"self":[{"href":"https:\/\/www.boxenicotera.it\/de\/wp-json\/wp\/v2\/pages\/5878","targetHints":{"allow":["GET"]}}],"collection":[{"href":"https:\/\/www.boxenicotera.it\/de\/wp-json\/wp\/v2\/pages"}],"about":[{"href":"https:\/\/www.boxenicotera.it\/de\/wp-json\/wp\/v2\/types\/page"}],"author":[{"embeddable":true,"href":"https:\/\/www.boxenicotera.it\/de\/wp-json\/wp\/v2\/users\/2"}],"replies":[{"embeddable":true,"href":"https:\/\/www.boxenicotera.it\/de\/wp-json\/wp\/v2\/comments?post=5878"}],"version-history":[{"count":2,"href":"https:\/\/www.boxenicotera.it\/de\/wp-json\/wp\/v2\/pages\/5878\/revisions"}],"predecessor-version":[{"id":5880,"href":"https:\/\/www.boxenicotera.it\/de\/wp-json\/wp\/v2\/pages\/5878\/revisions\/5880"}],"wp:featuredmedia":[{"embeddable":true,"href":"https:\/\/www.boxenicotera.it\/de\/wp-json\/wp\/v2\/media\/5744"}],"wp:attachment":[{"href":"https:\/\/www.boxenicotera.it\/de\/wp-json\/wp\/v2\/media?parent=5878"}],"curies":[{"name":"wp","href":"https:\/\/api.w.org\/{rel}","templated":true}]}}